{"id":1027,"date":"2025-08-31T20:33:27","date_gmt":"2025-08-31T20:33:27","guid":{"rendered":"https:\/\/liebmannconsulting.hu\/?post_type=product&#038;p=1027"},"modified":"2025-09-01T06:44:53","modified_gmt":"2025-09-01T06:44:53","slug":"ketoldalas-ferfi-sapka-3","status":"publish","type":"product","link":"https:\/\/liebmannconsulting.hu\/?product=ketoldalas-ferfi-sapka-3","title":{"rendered":"K\u00e9zzel k\u00f6t\u00f6tt k\u00e9toldalas duplafal\u00fa k\u00e9k gyermek sapka M-es m\u00e9ret"},"content":{"rendered":"<p style=\"text-align: left;\">K\u00e9zzel k\u00f6t\u00f6tt k\u00e9toldalas k\u00e9k gyermek sapka, duplafal\u00fa, 100% akril &#8211; k\u00e9k \/ vil\u00e1gos k\u00e9k.<\/p>\n<p>M-es m\u00e9ret, 53-54 cm fejk\u00f6rfogat \/ 22 cm magas<\/p>\n<p>30 fokon mos\u00f3g\u00e9pben is moshat\u00f3, javasolt a fektetve t\u00f6rt\u00e9n\u0151 sz\u00e1r\u00edt\u00e1s<\/p>\n<p>Ide\u00e1lis t\u00e9li viselet.<\/p>\n<p>Extr\u00e9m ig\u00e9nybev\u00e9tel eset\u00e9n bolyhosodhat.<\/p>\n","protected":false},"excerpt":{"rendered":"<p>K\u00e9zzel k\u00f6t\u00f6tt duplafal\u00fa k\u00e9toldalas gyermek sapka M-es m\u00e9ret, k\u00e9k \/ vil\u00e1gos k\u00e9k 53-54 cm fejk\u00f6rfogat, 22 cm magas.<\/p>\n","protected":false},"featured_media":1028,"comment_status":"open","ping_status":"closed","template":"","meta":[],"product_brand":[],"product_cat":[19,20],"product_tag":[],"class_list":{"0":"post-1027","1":"product","2":"type-product","3":"status-publish","4":"has-post-thumbnail","6":"product_cat-rruhazat-clothing","7":"product_cat-sapkak-beanies","9":"first","10":"instock","11":"sale","12":"taxable","13":"shipping-taxable","14":"purchasable","15":"product-type-simple"},"jetpack_sharing_enabled":true,"_links":{"self":[{"href":"https:\/\/liebmannconsulting.hu\/index.php?rest_route=\/wp\/v2\/product\/1027","targetHints":{"allow":["GET"]}}],"collection":[{"href":"https:\/\/liebmannconsulting.hu\/index.php?rest_route=\/wp\/v2\/product"}],"about":[{"href":"https:\/\/liebmannconsulting.hu\/index.php?rest_route=\/wp\/v2\/types\/product"}],"replies":[{"embeddable":true,"href":"https:\/\/liebmannconsulting.hu\/index.php?rest_route=%2Fwp%2Fv2%2Fcomments&post=1027"}],"wp:featuredmedia":[{"embeddable":true,"href":"https:\/\/liebmannconsulting.hu\/index.php?rest_route=\/wp\/v2\/media\/1028"}],"wp:attachment":[{"href":"https:\/\/liebmannconsulting.hu\/index.php?rest_route=%2Fwp%2Fv2%2Fmedia&parent=1027"}],"wp:term":[{"taxonomy":"product_brand","embeddable":true,"href":"https:\/\/liebmannconsulting.hu\/index.php?rest_route=%2Fwp%2Fv2%2Fproduct_brand&post=1027"},{"taxonomy":"product_cat","embeddable":true,"href":"https:\/\/liebmannconsulting.hu\/index.php?rest_route=%2Fwp%2Fv2%2Fproduct_cat&post=1027"},{"taxonomy":"product_tag","embeddable":true,"href":"https:\/\/liebmannconsulting.hu\/index.php?rest_route=%2Fwp%2Fv2%2Fproduct_tag&post=1027"}],"curies":[{"name":"wp","href":"https:\/\/api.w.org\/{rel}","templated":true}]}}