{"id":930,"date":"2024-12-27T22:36:07","date_gmt":"2024-12-27T22:36:07","guid":{"rendered":"https:\/\/liebmannconsulting.hu\/?page_id=930"},"modified":"2024-12-28T01:00:28","modified_gmt":"2024-12-28T01:00:28","slug":"cegbemutato-2","status":"publish","type":"page","link":"https:\/\/liebmannconsulting.hu\/?page_id=930","title":{"rendered":"C\u00e9gbemutat\u00f3"},"content":{"rendered":"\n<figure class=\"wp-block-image size-full is-resized\"><img loading=\"lazy\" decoding=\"async\" width=\"1024\" height=\"768\" src=\"https:\/\/liebmannconsulting.hu\/wp-content\/uploads\/2024\/12\/an-image-for-blog-from-a-technical-designing-company-in.png\" alt=\"\" class=\"wp-image-942\" style=\"width:410px;height:auto\" srcset=\"https:\/\/liebmannconsulting.hu\/wp-content\/uploads\/2024\/12\/an-image-for-blog-from-a-technical-designing-company-in.png 1024w, https:\/\/liebmannconsulting.hu\/wp-content\/uploads\/2024\/12\/an-image-for-blog-from-a-technical-designing-company-in-300x225.png 300w, https:\/\/liebmannconsulting.hu\/wp-content\/uploads\/2024\/12\/an-image-for-blog-from-a-technical-designing-company-in-768x576.png 768w, https:\/\/liebmannconsulting.hu\/wp-content\/uploads\/2024\/12\/an-image-for-blog-from-a-technical-designing-company-in-600x450.png 600w\" sizes=\"auto, (max-width: 1024px) 100vw, 1024px\" \/><\/figure>\n\n\n\n<p><\/p>\n\n\n\n<h2 class=\"wp-block-heading has-black-color has-text-color has-background has-link-color wp-elements-d4da263bc3d363fb9a09a31767ca72a4\" id=\"we-re-a-studio-in-berlin-with-an-international-practice-in-architecture-urban-planning-and-interior-design-we-believe-in-sharing-knowledge-and-promoting-dialogue-to-increase-the-creative-potential-of-collaboration\" style=\"background:linear-gradient(180deg,rgb(238,238,238) 0%,rgb(169,184,195) 100%);font-size:48px;line-height:1.1\">Bemutatkoz\u00e1s<\/h2>\n\n\n\n<p>A Liebmann Consulting Kft. t\u00f6bb mint 25 \u00e9ve van jelen a magyar piacon, szakk\u00e9pzett technikai csapattal, folyamatosan n\u00f6vekv\u0151 piaci tapasztalatokkal \u00e9s fogyaszt\u00f3 orient\u00e1lt, professzion\u00e1lis fejleszt\u00e9si strat\u00e9gi\u00e1val. C\u00e9g\u00fcnk ki\u00e9p\u00edtett t\u00f6bb eur\u00f3pai orsz\u00e1ggal, Nagy-Britannia, N\u00e9metorsz\u00e1g, Csehorsz\u00e1g, Szlov\u00e1kia, m\u0171k\u00f6d\u0151 \u00e9s j\u00f3 gazdas\u00e1gi \u00e9s technol\u00f3giai kapcsolatokat. A c\u00e9g folyamatos \u00fczleti kapcsolatban \u00e1ll t\u00f6bb piacvezet\u0151 k\u00ednai biztons\u00e1gtechnikai term\u00e9k gy\u00e1rt\u00f3val \u00e9s szem\u00e9lyes kapcsolatot \u00e1pol t\u00f6bb kanadai \u00e9s amerikai besz\u00e1ll\u00edt\u00f3val is. A siker a szakk\u00e9pzett munkat\u00e1rsakon, az els\u0151rang\u00fa term\u00e9keken k\u00edv\u00fcl annak is k\u00f6sz\u00f6nhet\u0151, hogy az \u00e1ltalunk k\u00edn\u00e1lt term\u00e9kek egym\u00e1ssal \u00f6sszehangolhat\u00f3ak, kombin\u00e1lhat\u00f3ak \u00e9s integr\u00e1lhat\u00f3ak. A c\u00e9g els\u0151sorban \u00e9p\u00fcletvillamoss\u00e1gi-, t\u0171z- \u00e9s biztons\u00e1gtechnikai rendszerek tervez\u00e9s\u00e9vel, kivitelez\u00e9s\u00e9vel, karbantart\u00e1s\u00e1val foglalkozik.<\/p>\n\n\n\n<h3 class=\"wp-block-heading alignwide has-black-color has-text-color has-background has-link-color wp-elements-75f2e0d39060c65ed43b21eb2261ca77\" style=\"background:linear-gradient(180deg,rgb(238,238,238) 0%,rgb(169,184,195) 100%)\">&nbsp;<a>F\u0151 tev\u00e9kenys\u00e9geink<\/a><\/h3>\n\n\n\n<ul class=\"wp-block-list\">\n<li>Behatol\u00e1s jelz\u0151 \u00e9s vagyonv\u00e9delmi, lak\u00e1s \u2013 irodai &#8211; ipari rendszerek<\/li>\n\n\n\n<li>Video megfigyel\u0151 (CCTV) rendszerek anal\u00f3g \u00e9s IP, lak\u00e1s, iroda, ipar \u00e9s t\u00e9rfigyel\u0151 rendszerek<\/li>\n\n\n\n<li>Bel\u00e9ptet\u0151, parkol\u00f3, munkaid\u0151-nyilv\u00e1ntart\u00f3 rendszerek, ebbe beletartoznak a forgalomir\u00e1ny\u00edt\u00f3 rendszerek is<\/li>\n\n\n\n<li>Sz\u00e1llodai elektromos ajt\u00f3z\u00e1rak<\/li>\n\n\n\n<li>T\u0171zjelz\u0151, anal\u00f3g \u00e9s anal\u00f3g intelligens rendszerek<\/li>\n\n\n\n<li>Olt\u00f3, g\u00e1zos \u00e9s sz\u00e1raz-nedves elj\u00e1r\u00e1s\u00fa rendszerek (sprinkler)<\/li>\n\n\n\n<li>Er\u0151s \u00e9s gyenge\u00e1ram\u00fa h\u00e1l\u00f3zatok tervez\u00e9se (\u00e9p\u00fcletvillamoss\u00e1g, struktur\u00e1lt, ir\u00e1ny\u00edt\u00e1stechnikai)<\/li>\n\n\n\n<li>Egyedi elektronikus eszk\u00f6z\u00f6k tervez\u00e9se, fejleszt\u00e9se, kivitelez\u00e9se \u00e9s gy\u00e1rt\u00e1sa<\/li>\n\n\n\n<li>\u00c9p\u00fcletautomatiz\u00e1l\u00e1s<\/li>\n<\/ul>\n\n\n\n<p>Els\u0151sorban ESSER \u00e9s Cooper term\u00e9keket forgalmazunk, de a piaci ig\u00e9nyek lehet\u0151v\u00e9 tett\u00e9k, hogy a tev\u00e9kenys\u00e9gi k\u00f6rt m\u00e1s term\u00e9kcsoportok forgalmaz\u00e1s\u00e1val is kib\u0151v\u00edtse. Ma m\u00e1r sz\u00e1mos m\u00e1rka, illetve term\u00e9k forgalmaz\u00f3ja: Paradox \u00e9s DSC vagyonv\u00e9delmi rendszerek, KANTECH \u00e9s Paradox bel\u00e9ptet\u0151 rendszerek, Fireray vonali f\u00fcst\u00e9rz\u00e9kel\u0151k, ESSER \u00e9s Cooper t\u0171zjelz\u0151 rendszerek, illetve saj\u00e1t m\u00e1rk\u00e1s CCTV video megfigyel\u0151 rendszerek \u2013 mind anal\u00f3g &#8211; mind pedig IP technol\u00f3giai h\u00e1tt\u00e9rrel. Az egyre n\u00f6vekv\u0151 elv\u00e1r\u00e1soknak e term\u00e9kek m\u00e1r sz\u00e1mos helyen bizony\u00edtottak haz\u00e1nkban \u00e9s k\u00fclf\u00f6ld\u00f6n egyar\u00e1nt.<\/p>\n\n\n\n<h3 class=\"wp-block-heading alignwide has-black-color has-text-color has-background has-link-color wp-elements-8e2c33ad95d8f4f1a08b2dc8b47f7f70\" style=\"background:linear-gradient(180deg,rgb(238,238,238) 0%,rgb(169,184,195) 100%)\">Szolg\u00e1ltat\u00e1sok<\/h3>\n\n\n\n<p>Nem csup\u00e1n mag\u00e1t a biztons\u00e1gtechnikai term\u00e9keket, de az azokhoz kapcsol\u00f3d\u00f3 komplett szolg\u00e1ltat\u00e1st is k\u00edn\u00e1lunk. Szolg\u00e1ltat\u00e1saink a tervez\u00e9st\u0151l a kivitelez\u00e9sig, illetve karbantart\u00e1sig, az \u00f6sszes r\u00e9szmunkafolyamatot magukban foglalj\u00e1k. Az Liebmann Consulting Kft. jelenlegi partnereinek k\u00f6re igen sz\u00e9lesk\u00f6r\u0171 \u00e9s eddigi tev\u00e9kenys\u00e9ge alapj\u00e1n sz\u00e1mos referenci\u00e1t tud felmutatni. T\u00e1rsas\u00e1gunk filoz\u00f3fi\u00e1j\u00e1t k\u00f6vetve partnereink sz\u00e1m\u00e1t folyamatosan n\u00f6velni szeretn\u00e9nk. J\u00f3l tudjuk, hogy piaci poz\u00edci\u00f3ink ki\u00e9p\u00edt\u00e9s\u00e9hez, megtart\u00e1s\u00e1hoz \u00e9s er\u0151s\u00edt\u00e9s\u00e9hez nem elegend\u0151 a kiv\u00e1l\u00f3 min\u0151s\u00e9g\u0171 term\u00e9kek alkalmaz\u00e1sa, mindehhez kit\u0171n\u0151 k\u00e9pzetts\u00e9g\u0171 szakemberg\u00e1rda is sz\u00fcks\u00e9geltetik.<\/p>\n\n\n\n<p>Munkat\u00e1rsaink kiv\u00e1l\u00f3an kvalifik\u00e1lt, sikerorient\u00e1lt szakemberek s a sz\u00f3 minden \u00e9rtelm\u00e9ben megb\u00edzhat\u00f3ak. Minden elv\u00e1r\u00e1snak megfelel\u0151 technikai h\u00e1tt\u00e9r \u00e1ll rendelkez\u00e9s\u00fckre. Rendszeresen r\u00e9szes\u00fclnek gyakorlati \u00e9s elm\u00e9leti oktat\u00e1sban, melyek megk\u00f6nny\u00edtik sz\u00e1mukra a gyakorlatban munk\u00e1ink kivitelez\u00e9s\u00e9t. A Kft. \u00f6sszes dolgoz\u00f3ja minden erej\u00e9vel arra t\u00f6rekszik, hogy a c\u00e9g vev\u0151k\u00f6zpont\u00fas\u00e1g\u00e1t er\u0151s\u00edtse, korrekt kapcsolatot alak\u00edtson ki besz\u00e1ll\u00edt\u00f3ival, j\u00f3 \u00fczleti eredm\u00e9nyeket \u00e9rjen el. Ezekkel a kih\u00edv\u00e1sokkal csak szakk\u00e9pzett, csapatszellemben dolgoz\u00f3, \u00e9s a min\u0151s\u00e9gir\u00e1ny\u00edt\u00e1snak elk\u00f6telezett munkat\u00e1rsakra \u00e9p\u00fcl\u0151 szervezete tud eredm\u00e9nyesen szemben\u00e9zni. Mindannyian k\u00f6zvetlen\u00fcl felel\u0151sek vagyunk, hogy kiv\u00e1l\u00f3 min\u0151s\u00e9g\u0171 term\u00e9keket \u00e9s szolg\u00e1ltat\u00e1sokat ny\u00fajtsunk vev\u0151inknek.<\/p>\n\n\n\n<p><em>T\u00e1rsas\u00e1gunk c\u00e9lja, hogy a felhaszn\u00e1l\u00f3k \u00e9s a term\u00e9kek, illetve szolg\u00e1ltat\u00e1sok sz\u00ednvonal\u00e1nak folyamatos n\u00f6vel\u00e9s\u00e9vel garant\u00e1lja a jelen min\u0151s\u00e9gpolitik\u00e1ban megfogalmazott min\u0151s\u00e9gir\u00e1ny\u00edt\u00e1si c\u00e9lok megval\u00f3s\u00edt\u00e1s\u00e1t. Ennek \u00e9rdek\u00e9ben egy min\u0151s\u00e9gir\u00e1ny\u00edt\u00e1si rendszer ker\u00fclt bevezet\u00e9sre, amely megfelel az ISO 9001:2000 el\u0151\u00edr\u00e1sainak \u00e9s egyben lehet\u0151v\u00e9 teszi a t\u00e1rsas\u00e1g egyre magasabb sz\u00ednvonal\u00fa m\u0171k\u00f6d\u00e9s\u00e9t. Minden dolgoz\u00f3 folyamatos k\u00e9pz\u00e9sben r\u00e9szes\u00fcl, ez is hozz\u00e1j\u00e1rul a Min\u0151s\u00e9gir\u00e1ny\u00edt\u00e1si Rendszer hat\u00e9konys\u00e1g\u00e1nak folyamatos n\u00f6vel\u00e9s\u00e9hez. A T\u00e1rsas\u00e1g biztos\u00edt minden forr\u00e1st, ami a Min\u0151s\u00e9gir\u00e1ny\u00edt\u00e1si Rendszer m\u0171k\u00f6d\u00e9s\u00e9hez sz\u00fcks\u00e9ges.<\/em><\/p>\n\n\n\n<h3 class=\"wp-block-heading alignwide has-black-color has-text-color has-background has-link-color wp-elements-87b46895c896664006e32a7701bacda7\" style=\"background:linear-gradient(180deg,rgb(238,238,238) 0%,rgb(169,184,195) 100%)\"><img loading=\"lazy\" decoding=\"async\" width=\"150\" height=\"150\" class=\"wp-image-968\" style=\"width: 150px;\" src=\"https:\/\/liebmannconsulting.hu\/wp-content\/uploads\/2024\/12\/openart-image_BqMwHIwA_1735347353073_raw.jpg\" alt=\"\" srcset=\"https:\/\/liebmannconsulting.hu\/wp-content\/uploads\/2024\/12\/openart-image_BqMwHIwA_1735347353073_raw.jpg 1024w, https:\/\/liebmannconsulting.hu\/wp-content\/uploads\/2024\/12\/openart-image_BqMwHIwA_1735347353073_raw-300x300.jpg 300w, https:\/\/liebmannconsulting.hu\/wp-content\/uploads\/2024\/12\/openart-image_BqMwHIwA_1735347353073_raw-150x150.jpg 150w, https:\/\/liebmannconsulting.hu\/wp-content\/uploads\/2024\/12\/openart-image_BqMwHIwA_1735347353073_raw-768x768.jpg 768w, https:\/\/liebmannconsulting.hu\/wp-content\/uploads\/2024\/12\/openart-image_BqMwHIwA_1735347353073_raw-600x600.jpg 600w, https:\/\/liebmannconsulting.hu\/wp-content\/uploads\/2024\/12\/openart-image_BqMwHIwA_1735347353073_raw-100x100.jpg 100w\" sizes=\"auto, (max-width: 150px) 100vw, 150px\" \/> <a>T\u0171zjelz\u0151 rendszerek<\/a><\/h3>\n\n\n\n<p>Legyen sz\u00f3 b\u00e1rmilyen \u00e9p\u00fcletr\u0151l, int\u00e9zm\u00e9nyr\u0151l, sz\u00e1llod\u00e1r\u00f3l, munka- \u00e9s sz\u00f3rakoz\u00f3helyr\u0151l vagy a mindennapi \u00e9let egy\u00e9b tereir\u0151l, mindenhol vannak olyan \u00e9rt\u00e9kek, amelyeket v\u00e9deni kell a t\u0171zt\u0151l. Els\u0151sorban az emberi \u00e9let \u00e9s a berendez\u00e9sek v\u00e9delm\u00e9r\u0151l van sz\u00f3. Az ESSER \u00e9s a Cooper t\u0171zjelz\u0151 rendszerek m\u00e1r a keletkez\u00e9s korai szakasz\u00e1ban \u00e9rz\u00e9keli \u00e9s jelzi a t\u00fczet. Ezen hagyom\u00e1nyos \u00e9s intelligens rendszerek megb\u00edzhat\u00f3s\u00e1gukkal, m\u0171szaki param\u00e9tereikkel megfelel\u0151en v\u00e9dik az emberi \u00e9letet \u00e9s a t\u00e1rgyi \u00e9rt\u00e9keket.<\/p>\n\n\n\n<h3 class=\"wp-block-heading alignwide has-black-color has-text-color has-background has-link-color wp-elements-afffc83bd5a4a83113f7eb2fc675355d\" style=\"background:linear-gradient(180deg,rgb(238,238,238) 0%,rgb(169,184,195) 100%)\"><img loading=\"lazy\" decoding=\"async\" width=\"150\" height=\"150\" class=\"wp-image-964\" style=\"width: 150px;\" src=\"https:\/\/liebmannconsulting.hu\/wp-content\/uploads\/2024\/12\/openart-image_U9vZ5hyS_1735346809964_raw.jpg\" alt=\"\" srcset=\"https:\/\/liebmannconsulting.hu\/wp-content\/uploads\/2024\/12\/openart-image_U9vZ5hyS_1735346809964_raw.jpg 1024w, https:\/\/liebmannconsulting.hu\/wp-content\/uploads\/2024\/12\/openart-image_U9vZ5hyS_1735346809964_raw-300x300.jpg 300w, https:\/\/liebmannconsulting.hu\/wp-content\/uploads\/2024\/12\/openart-image_U9vZ5hyS_1735346809964_raw-150x150.jpg 150w, https:\/\/liebmannconsulting.hu\/wp-content\/uploads\/2024\/12\/openart-image_U9vZ5hyS_1735346809964_raw-768x768.jpg 768w, https:\/\/liebmannconsulting.hu\/wp-content\/uploads\/2024\/12\/openart-image_U9vZ5hyS_1735346809964_raw-600x600.jpg 600w, https:\/\/liebmannconsulting.hu\/wp-content\/uploads\/2024\/12\/openart-image_U9vZ5hyS_1735346809964_raw-100x100.jpg 100w\" sizes=\"auto, (max-width: 150px) 100vw, 150px\" \/><a> CCTV video megfigyel\u0151 rendszerek<\/a><\/h3>\n\n\n\n<p>A CCTV teljes spektrum\u00e1t lefed\u0151 vide\u00f3 rendszereinket mindig az ig\u00e9nyeknek legmegfelel\u0151bb eszk\u00f6z\u00f6kb\u0151l \u00e1ll\u00edtjuk \u00f6ssze. Az Ethernet h\u00e1l\u00f3zatra k\u00f6thet\u0151 eszk\u00f6zeink seg\u00edts\u00e9g\u00e9vel nemcsak a kamerak\u00e9pek figyelhet\u0151k meg t\u00e1volr\u00f3l, hanem a k\u00e9p visszakeres\u00e9s, a kameramozgat\u00e1s, vagy ak\u00e1r a rendszer konfigur\u00e1l\u00e1sa is megval\u00f3s\u00edthat\u00f3 a vil\u00e1g b\u00e1rmely pontj\u00e1r\u00f3l. A tetsz\u0151legesen vari\u00e1lhat\u00f3 felv\u00e9teli \u00e9s megjelen\u00edt\u00e9si m\u00f3doknak k\u00f6sz\u00f6nhet\u0151en optimaliz\u00e1lhat\u00f3 az eszk\u00f6z kihaszn\u00e1lts\u00e1ga, valamint kiv\u00e1laszthat\u00f3 a lehet\u0151 legt\u00f6bb inform\u00e1ci\u00f3t mutat\u00f3 k\u00e9perny\u0151 \u00f6ssze\u00e1ll\u00edt\u00e1s is. A r\u00f6gz\u00edt\u0151t m\u00e1s rendszerekkel is \u00f6sszekapcsolva k\u00e9pes a saj\u00e1t mozg\u00e1s\u00e9rz\u00e9kel\u0151j\u00e9nek jel\u00e9t tov\u00e1bb\u00edtani m\u00e1s rendszerek, p\u00e9ld\u00e1ul a riaszt\u00f3-bel\u00e9ptet\u0151 rendszer, vagy innen jelz\u00e9seket is fogadni. Ennek seg\u00edts\u00e9g\u00e9vel k\u00fcls\u0151 riaszt\u00f3jel hat\u00e1s\u00e1ra ind\u00edthat\u00f3 az egyes kamerak\u00e9pek r\u00f6gz\u00edt\u00e9se. C\u00e9g\u00fcnk a gy\u00e1rt\u00f3kkal napi kapcsolatban \u00e1ll \u2013 \u00edgy mindig a legfrissebb fejleszt\u00e9sek jelennek meg a k\u00edn\u00e1latban.<\/p>\n\n\n\n<h3 class=\"wp-block-heading alignwide has-black-color has-text-color has-background has-link-color wp-elements-9cbcffc2eb7a1cc29e9b985edc9ad5f8\" style=\"background:linear-gradient(180deg,rgb(238,238,238) 0%,rgb(169,184,195) 100%)\"><img loading=\"lazy\" decoding=\"async\" width=\"150\" height=\"150\" class=\"wp-image-961\" style=\"width: 150px;\" src=\"https:\/\/liebmannconsulting.hu\/wp-content\/uploads\/2024\/12\/openart-image_Xu98nOdK_1735346495554_raw.jpg\" alt=\"\" srcset=\"https:\/\/liebmannconsulting.hu\/wp-content\/uploads\/2024\/12\/openart-image_Xu98nOdK_1735346495554_raw.jpg 1024w, https:\/\/liebmannconsulting.hu\/wp-content\/uploads\/2024\/12\/openart-image_Xu98nOdK_1735346495554_raw-300x300.jpg 300w, https:\/\/liebmannconsulting.hu\/wp-content\/uploads\/2024\/12\/openart-image_Xu98nOdK_1735346495554_raw-150x150.jpg 150w, https:\/\/liebmannconsulting.hu\/wp-content\/uploads\/2024\/12\/openart-image_Xu98nOdK_1735346495554_raw-768x768.jpg 768w, https:\/\/liebmannconsulting.hu\/wp-content\/uploads\/2024\/12\/openart-image_Xu98nOdK_1735346495554_raw-600x600.jpg 600w, https:\/\/liebmannconsulting.hu\/wp-content\/uploads\/2024\/12\/openart-image_Xu98nOdK_1735346495554_raw-100x100.jpg 100w\" sizes=\"auto, (max-width: 150px) 100vw, 150px\" \/> Bel\u00e9ptet\u0151 rendszerek \u00e9s intelligens sz\u00e1llodai z\u00e1rak<\/h3>\n\n\n\n<p>Az bel\u00e9ptet\u0151 rendszer az ipari l\u00e9tes\u00edtm\u00e9nyek (kis \u00fczemekt\u0151l a nagy v\u00e1llalatokig), irodah\u00e1zak sz\u00e1m\u00e1ra biztos\u00edtja a szab\u00e1lyozott \u00e9s ellen\u0151rz\u00f6tt szem\u00e9ly \u00e9s g\u00e9pj\u00e1rm\u0171forgalmat. Feladata a v\u00e9dett ter\u00fcletre t\u00f6rt\u00e9n\u0151 illet\u00e9ktelen bel\u00e9p\u00e9sek megakad\u00e1lyoz\u00e1sa, illetve sz\u00fcks\u00e9g szerinti kontroll biztos\u00edt\u00e1sa a szem\u00e9ly \u00e9s g\u00e9pj\u00e1rm\u0171forgalom felett. Ez\u00e1ltal lehet\u0151v\u00e9 v\u00e1lik a dolgoz\u00f3k mozg\u00e1s ir\u00e1ny\u00e1nak illetve holl\u00e9t\u00e9nek meghat\u00e1roz\u00e1sa. Az \u00e1ltalunk forgalmazott bel\u00e9ptet\u0151 rendszerek is lefedik a piac ig\u00e9nyeit (KANTECH, Paradox, Soyal, Seawing), \u00edgy szinte minden ter\u00fcletre tudunk megfelel\u0151 rendszert aj\u00e1nlani.<\/p>\n\n\n\n<h3 class=\"wp-block-heading alignwide has-black-color has-text-color has-background has-link-color wp-elements-38b98073e07da9717a95e9fc53e0cb4d\" style=\"background:linear-gradient(180deg,rgb(238,238,238) 0%,rgb(169,184,195) 100%)\"><img loading=\"lazy\" decoding=\"async\" width=\"150\" height=\"150\" class=\"wp-image-960\" style=\"width: 150px;\" src=\"https:\/\/liebmannconsulting.hu\/wp-content\/uploads\/2024\/12\/openart-image__xzJFNCT_1735346331821_raw.jpg\" alt=\"\" srcset=\"https:\/\/liebmannconsulting.hu\/wp-content\/uploads\/2024\/12\/openart-image__xzJFNCT_1735346331821_raw.jpg 1024w, https:\/\/liebmannconsulting.hu\/wp-content\/uploads\/2024\/12\/openart-image__xzJFNCT_1735346331821_raw-300x300.jpg 300w, https:\/\/liebmannconsulting.hu\/wp-content\/uploads\/2024\/12\/openart-image__xzJFNCT_1735346331821_raw-150x150.jpg 150w, https:\/\/liebmannconsulting.hu\/wp-content\/uploads\/2024\/12\/openart-image__xzJFNCT_1735346331821_raw-768x768.jpg 768w, https:\/\/liebmannconsulting.hu\/wp-content\/uploads\/2024\/12\/openart-image__xzJFNCT_1735346331821_raw-600x600.jpg 600w, https:\/\/liebmannconsulting.hu\/wp-content\/uploads\/2024\/12\/openart-image__xzJFNCT_1735346331821_raw-100x100.jpg 100w\" sizes=\"auto, (max-width: 150px) 100vw, 150px\" \/> Bet\u00f6r\u00e9s- \u00e9s vagyonv\u00e9delmi rendszer<\/h3>\n\n\n\n<p>Napjaink vagyonv\u00e9delmi piaca egyre ink\u00e1bb a komplex, integr\u00e1lt \u00e9s t\u00f6bbir\u00e1ny\u00fa megold\u00e1sok fel\u00e9 halad. A Paradox \u00e9s a DSC t\u00edpus\u00fa bet\u00f6r\u00e9sv\u00e9delmi rendszereink teljes k\u00f6r\u0171 v\u00e9delmet ny\u00fajtanak b\u00e1rmilyen m\u00e9ret\u0171 objektum sz\u00e1m\u00e1ra. Vagyonv\u00e9delmi rendszereink jellemz\u0151je a magas fok\u00fa zavar- \u00e9s szabot\u00e1zsv\u00e9delem. Az esetlegesen bek\u00f6vetkez\u0151 ezen esem\u00e9nyek sor\u00e1n is \u00e1lland\u00f3 \u00e9s teljes k\u00f6r\u0171 v\u00e9delem biztos\u00edthat\u00f3 a v\u00e9dett objektumokban. Szabad konfigur\u00e1lhat\u00f3s\u00e1guk alapj\u00e1n a berendez\u00e9sek minden ig\u00e9nynek megfeleltethet\u0151k, modul\u00e1ris ki\u00e9p\u00edt\u00e9s\u00fck alkalmass\u00e1 teszi \u0151ket a j\u00f6v\u0151beni b\u0151v\u00edt\u00e9sre. Mind a bet\u00f6r\u00e9sv\u00e9delem, mind a video megfigyel\u00e9si rendszerekhez ig\u00e9ny eset\u00e9n teljesk\u00f6r\u0171 monitoring (t\u00e1vfel\u00fcgyeleti) rendszert is aj\u00e1nlunk, ahol az adat\u00e1tvitelt a legmodernebb GPRS \u00e9s IP technol\u00f3gia felhaszn\u00e1l\u00e1s\u00e1val val\u00f3s\u00edtjuk meg.<\/p>\n\n\n\n<h3 class=\"wp-block-heading alignwide has-black-color has-very-light-gray-to-cyan-bluish-gray-gradient-background has-text-color has-background has-link-color wp-elements-447c91f3f64dbc494929c63fb3b54ec3\"><img loading=\"lazy\" decoding=\"async\" width=\"150\" height=\"150\" class=\"wp-image-959\" style=\"width: 150px;\" src=\"https:\/\/liebmannconsulting.hu\/wp-content\/uploads\/2024\/12\/openart-image_1uu87OIw_1735346222094_raw.jpg\" alt=\"\" srcset=\"https:\/\/liebmannconsulting.hu\/wp-content\/uploads\/2024\/12\/openart-image_1uu87OIw_1735346222094_raw.jpg 1024w, https:\/\/liebmannconsulting.hu\/wp-content\/uploads\/2024\/12\/openart-image_1uu87OIw_1735346222094_raw-300x300.jpg 300w, https:\/\/liebmannconsulting.hu\/wp-content\/uploads\/2024\/12\/openart-image_1uu87OIw_1735346222094_raw-150x150.jpg 150w, https:\/\/liebmannconsulting.hu\/wp-content\/uploads\/2024\/12\/openart-image_1uu87OIw_1735346222094_raw-768x768.jpg 768w, https:\/\/liebmannconsulting.hu\/wp-content\/uploads\/2024\/12\/openart-image_1uu87OIw_1735346222094_raw-600x600.jpg 600w, https:\/\/liebmannconsulting.hu\/wp-content\/uploads\/2024\/12\/openart-image_1uu87OIw_1735346222094_raw-100x100.jpg 100w\" sizes=\"auto, (max-width: 150px) 100vw, 150px\" \/> \u00c9p\u00fcletautomatiz\u00e1l\u00e1s<\/h3>\n\n\n\n<p>Az \u00e9p\u00fclet-fel\u00fcgyeleti rendszerek legfontosabb c\u00e9lja az \u00e9p\u00fcletg\u00e9p\u00e9szeti rendszerek energiafogyaszt\u00e1s\u00e1nak minimaliz\u00e1l\u00e1sa a komfort\u00e9rzet \u00e9s az \u00fczembiztons\u00e1g n\u00f6vel\u00e9se \u00e9rdek\u00e9ben. Rendszereinkn\u00e9l az ellen\u0151rz\u0151- \u00e9s vez\u00e9rl\u0151funkci\u00f3 a DDC h\u00e1l\u00f3zat b\u00e1rmely elem\u00e9re \u00e9rv\u00e9nyes\u00edthet\u0151. Nagy el\u0151nye, hogy az egys\u00e9g \u00f6sszes berendez\u00e9s\u00e9t egyetlen k\u00f6zponti rendszer ellen\u0151rizheti \u00e9s vez\u00e9relheti a k\u00f6vetkez\u0151 form\u00e1ban: grafikus \u00e1br\u00e1zol\u00e1s, adatgy\u0171jt\u00e9s, illetve archiv\u00e1l\u00e1s, zavar-\u00e9s \u00fczembe helyez\u00e9s. Tapasztalatainknak \u00e9s a szakmai h\u00e1tter\u00fcnknek k\u00f6sz\u00f6nhet\u0151en egyedi szoftvereket is k\u00e9sz\u00edtett\u00fcnk melyek seg\u00edts\u00e9g\u00e9vel a k\u00fcl\u00f6nf\u00e9le vagyonv\u00e9delmi rendszerek is adatkapcsolatot tudnak l\u00e9tes\u00edteni az \u00e9p\u00fcletautomatikai rendszerekkel, \u00edgy egyedi speci\u00e1lis ig\u00e9nyek kialak\u00edt\u00e1s\u00e1t \u00e9s megval\u00f3s\u00edt\u00e1s\u00e1t is v\u00e1llalni tudjuk.<\/p>\n\n\n\n<h3 class=\"wp-block-heading alignwide has-black-color has-very-light-gray-to-cyan-bluish-gray-gradient-background has-text-color has-background has-link-color wp-elements-2a7206795a73e92146fbf0fa0ddb13da\"><img loading=\"lazy\" decoding=\"async\" width=\"150\" height=\"150\" class=\"wp-image-958\" style=\"width: 150px;\" src=\"https:\/\/liebmannconsulting.hu\/wp-content\/uploads\/2024\/12\/openart-image_3SZadM0B_1735345983312_raw.jpg\" alt=\"\" srcset=\"https:\/\/liebmannconsulting.hu\/wp-content\/uploads\/2024\/12\/openart-image_3SZadM0B_1735345983312_raw.jpg 1024w, https:\/\/liebmannconsulting.hu\/wp-content\/uploads\/2024\/12\/openart-image_3SZadM0B_1735345983312_raw-300x300.jpg 300w, https:\/\/liebmannconsulting.hu\/wp-content\/uploads\/2024\/12\/openart-image_3SZadM0B_1735345983312_raw-150x150.jpg 150w, https:\/\/liebmannconsulting.hu\/wp-content\/uploads\/2024\/12\/openart-image_3SZadM0B_1735345983312_raw-768x768.jpg 768w, https:\/\/liebmannconsulting.hu\/wp-content\/uploads\/2024\/12\/openart-image_3SZadM0B_1735345983312_raw-600x600.jpg 600w, https:\/\/liebmannconsulting.hu\/wp-content\/uploads\/2024\/12\/openart-image_3SZadM0B_1735345983312_raw-100x100.jpg 100w\" sizes=\"auto, (max-width: 150px) 100vw, 150px\" \/> Egyedi term\u00e9k \u00e9s szoftverfejleszt\u00e9s<\/h3>\n\n\n\n<p>C\u00e9g\u00fcnk v\u00e1llalja \u00fcgyfeleinek egyedi vagyonv\u00e9delmi, t\u0171zv\u00e9delmi \u00e9s \u00e9p\u00fcletfel\u00fcgyeleti megold\u00e1sok kifejleszt\u00e9s\u00e9t, telep\u00edt\u00e9s\u00e9t, azokhoz felhaszn\u00e1l\u00f3i szoftverek k\u00e9sz\u00edt\u00e9s\u00e9t. T\u00f6bb megval\u00f3sult sikeres projekttel a h\u00e1tunk m\u00f6g\u00f6tt \u00e9s a rendszeres szakmai tov\u00e1bbk\u00e9pz\u00e9seknek k\u00f6sz\u00f6nhet\u0151en egyre b\u0151v\u00fcl azon piaci szerepl\u0151k k\u00f6re, ahol ezt a szolg\u00e1ltat\u00e1sunkat is ig\u00e9nylik, \u00e9s azokat megel\u00e9gedetts\u00e9ggel haszn\u00e1lj\u00e1k.<\/p>\n\n\n\n<p class=\"has-black-color has-text-color has-background has-link-color wp-elements-20acce496923d436466c8a30884d9ef2\" style=\"background:linear-gradient(180deg,rgb(238,238,238) 0%,rgb(169,184,195) 100%)\"><\/p>\n","protected":false},"excerpt":{"rendered":"<p>Bemutatkoz\u00e1s A Liebmann Consulting Kft. t\u00f6bb mint 25 \u00e9ve van jelen a magyar piacon, szakk\u00e9pzett technikai csapattal, folyamatosan n\u00f6vekv\u0151 piaci [&hellip;]<\/p>\n","protected":false},"author":1,"featured_media":940,"parent":0,"menu_order":0,"comment_status":"closed","ping_status":"closed","template":"","meta":{"footnotes":""},"class_list":["post-930","page","type-page","status-publish","has-post-thumbnail","hentry"],"jetpack_sharing_enabled":true,"_links":{"self":[{"href":"https:\/\/liebmannconsulting.hu\/index.php?rest_route=\/wp\/v2\/pages\/930","targetHints":{"allow":["GET"]}}],"collection":[{"href":"https:\/\/liebmannconsulting.hu\/index.php?rest_route=\/wp\/v2\/pages"}],"about":[{"href":"https:\/\/liebmannconsulting.hu\/index.php?rest_route=\/wp\/v2\/types\/page"}],"author":[{"embeddable":true,"href":"https:\/\/liebmannconsulting.hu\/index.php?rest_route=\/wp\/v2\/users\/1"}],"replies":[{"embeddable":true,"href":"https:\/\/liebmannconsulting.hu\/index.php?rest_route=%2Fwp%2Fv2%2Fcomments&post=930"}],"version-history":[{"count":14,"href":"https:\/\/liebmannconsulting.hu\/index.php?rest_route=\/wp\/v2\/pages\/930\/revisions"}],"predecessor-version":[{"id":972,"href":"https:\/\/liebmannconsulting.hu\/index.php?rest_route=\/wp\/v2\/pages\/930\/revisions\/972"}],"wp:featuredmedia":[{"embeddable":true,"href":"https:\/\/liebmannconsulting.hu\/index.php?rest_route=\/wp\/v2\/media\/940"}],"wp:attachment":[{"href":"https:\/\/liebmannconsulting.hu\/index.php?rest_route=%2Fwp%2Fv2%2Fmedia&parent=930"}],"curies":[{"name":"wp","href":"https:\/\/api.w.org\/{rel}","templated":true}]}}