{"id":736,"date":"2017-01-02T08:30:09","date_gmt":"2017-01-02T08:30:09","guid":{"rendered":"https:\/\/demo.themegrill.com\/flash-default-2\/?page_id=12"},"modified":"2025-01-05T18:41:00","modified_gmt":"2025-01-05T18:41:00","slug":"contact","status":"publish","type":"page","link":"https:\/\/liebmannconsulting.hu\/?page_id=736","title":{"rendered":"Kapcsolat"},"content":{"rendered":"<div class=\"everest-forms\"><\/div>\n<p><strong>C\u00e9gvezet\u00e9s:<\/strong>\u00a0<br \/><strong>Liebmann G\u00e1bor<\/strong> &#8211; <em>\u00fcgyvezet\u0151<\/em><br \/><a href=\"mailto: liebmann.gabor@liebmannconsulting.hu\">liebmann.gabor@liebmannconsulting.hu<\/a><\/p>\n<p><strong>M\u0171szaki tervez\u00e9s, projektvezet\u00e9s:<\/strong><br \/><strong>Guba Zolt\u00e1n<\/strong> &#8211; <em>m\u0171szaki vezet\u0151<\/em><br \/><a href=\"mailto: guba.zoltan@liebmannconsulting.hu\">guba.zoltan@liebmannconsulting.hu<\/a><\/p>\n<p><strong>Weblap szerkeszt\u00e9s &#8211; designer:<\/strong><br \/><strong>Kucsera T\u00edmea Gabriella<\/strong> &#8211; <em>irodavezet\u0151<\/em><br \/><a href=\"mailto: kucsera.timea@liebmannconsulting.hu\">kucsera.timea@liebmannconsulting.hu<\/a><\/p>\n<p><strong>C\u00e9g:<\/strong><br \/><strong>Liebmann Consulting Kft.<\/strong><br \/><em>H-3100 Salg\u00f3tarj\u00e1n, L\u00f6wy S\u00e1ndor u. 4. II\/8.<\/em><br \/>Tel.: <em>+36 20 9 216 216<\/em><br \/>E-mail: <a href=\"mailto: info@liebmannconsulting.hu\">info@liebmannconsulting.hu<\/a><br \/>ad\u00f3sz\u00e1m: <em>11211905-2-12<br \/><\/em>c\u00e9gjegyz\u00e9k:<em> 12 09 002921<\/em><\/p>\n\n\n<p><\/p>\n","protected":false},"excerpt":{"rendered":"<p>C\u00e9gvezet\u00e9s:\u00a0Liebmann G\u00e1bor &#8211; \u00fcgyvezet\u0151liebmann.gabor@liebmannconsulting.hu M\u0171szaki tervez\u00e9s, projektvezet\u00e9s:Guba Zolt\u00e1n &#8211; m\u0171szaki vezet\u0151guba.zoltan@liebmannconsulting.hu Weblap szerkeszt\u00e9s &#8211; designer:Kucsera T\u00edmea Gabriella &#8211; irodavezet\u0151kucsera.timea@liebmannconsulting.hu C\u00e9g:Liebmann [&hellip;]<\/p>\n","protected":false},"author":1,"featured_media":0,"parent":0,"menu_order":0,"comment_status":"closed","ping_status":"closed","template":"","meta":{"footnotes":""},"class_list":["post-736","page","type-page","status-publish","hentry"],"jetpack_sharing_enabled":true,"_links":{"self":[{"href":"https:\/\/liebmannconsulting.hu\/index.php?rest_route=\/wp\/v2\/pages\/736","targetHints":{"allow":["GET"]}}],"collection":[{"href":"https:\/\/liebmannconsulting.hu\/index.php?rest_route=\/wp\/v2\/pages"}],"about":[{"href":"https:\/\/liebmannconsulting.hu\/index.php?rest_route=\/wp\/v2\/types\/page"}],"author":[{"embeddable":true,"href":"https:\/\/liebmannconsulting.hu\/index.php?rest_route=\/wp\/v2\/users\/1"}],"replies":[{"embeddable":true,"href":"https:\/\/liebmannconsulting.hu\/index.php?rest_route=%2Fwp%2Fv2%2Fcomments&post=736"}],"version-history":[{"count":9,"href":"https:\/\/liebmannconsulting.hu\/index.php?rest_route=\/wp\/v2\/pages\/736\/revisions"}],"predecessor-version":[{"id":1013,"href":"https:\/\/liebmannconsulting.hu\/index.php?rest_route=\/wp\/v2\/pages\/736\/revisions\/1013"}],"wp:attachment":[{"href":"https:\/\/liebmannconsulting.hu\/index.php?rest_route=%2Fwp%2Fv2%2Fmedia&parent=736"}],"curies":[{"name":"wp","href":"https:\/\/api.w.org\/{rel}","templated":true}]}}