{"id":643,"date":"2017-01-02T08:28:52","date_gmt":"2017-01-02T08:28:52","guid":{"rendered":"https:\/\/demo.themegrill.com\/flash-default-2\/?page_id=5"},"modified":"2026-01-04T00:32:39","modified_gmt":"2026-01-04T00:32:39","slug":"home","status":"publish","type":"page","link":"https:\/\/liebmannconsulting.hu\/","title":{"rendered":"Home"},"content":{"rendered":"<div id=\"pl-643\"  class=\"panel-layout\" ><div id=\"pg-643-0\"  class=\"panel-grid panel-has-style\" ><div class=\"siteorigin-panels-stretch panel-row-style panel-row-style-for-643-0\" data-stretch-type=\"full-width-stretch\" ><div id=\"pgc-643-0-0\"  class=\"panel-grid-cell\" ><div id=\"panel-643-0-0-0\" class=\"so-panel widget widget_themegrill_flash_slider tg-section tg-slider-widget panel-first-child panel-last-child\" data-index=\"0\" ><div class=\"flash_inherit_color panel-widget-style panel-widget-style-for-643-0-0-0\" ><div class=\"tg-slider-widget slider-light slider-content-center slider-control-center full-width\">\n\t<div class=\"swiper-container\">\n\t\t<div class=\"swiper-wrapper\">\n\t\t\t\n\t\t\t\t\t<div class=\"swiper-slide\">\n\t\t\t\t\t\t<figure class=\"slider-image\" >\n\t\t\t\t\t\t\t<img width=\"631\" height=\"295\"\t\t\t\t\t\t\t\t\tsrc=\"https:\/\/liebmannconsulting.hu\/wp-content\/uploads\/2024\/01\/hexagons-3143432_640-e1705109712909.jpg\"\n\t\t\t\t\t\t\t\t\talt=\"Szolg\u00e1ltat\u00e1s\"\n\t\t\t\t\t\t\t\t\ttitle=\"Szolg\u00e1ltat\u00e1saink\"\/>\n\t\t\t\t\t\t\t<div class=\"overlay\"><\/div>\n\t\t\t\t\t\t<\/figure>\n\t\t\t\t\t\t<div class=\"slider-content\">\n\t\t\t\t\t\t\t<div class=\"tg-container\">\n\t\t\t\t\t\t\t\t<div class=\"caption-title\">Szolg\u00e1ltat\u00e1saink<\/div>\n\t\t\t\t\t\t\t\t<div class=\"caption-desc\">T\u00f6ltse le bemutatkoz\u00f3 anyagunkat egy kattint\u00e1ssal<\/div>\n\t\t\t\t\t\t\t\t\t\t\t\t\t\t\t\t\t<div class=\"btn-wrapper\">\n\t\t\t\t\t\t\t\t\t\t<a href=\"#\">Let\u00f6lt\u00e9s<\/a>\n\t\t\t\t\t\t\t\t\t<\/div>\n\t\t\t\t\t\t\t\t\t\t\t\t\t\t\t<\/div>\n\t\t\t\t\t\t<\/div>\n\t\t\t\t\t<\/div>\n\n\t\t\t\t\n\t\t\t\t\t<div class=\"swiper-slide\">\n\t\t\t\t\t\t<figure class=\"slider-image\" >\n\t\t\t\t\t\t\t<img width=\"640\" height=\"325\"\t\t\t\t\t\t\t\t\tsrc=\"https:\/\/liebmannconsulting.hu\/wp-content\/uploads\/2024\/01\/blueprints-1837238_640-e1705139093248.jpg\"\n\t\t\t\t\t\t\t\t\talt=\"Tervez\u00e9s\"\n\t\t\t\t\t\t\t\t\ttitle=\"Tervez\u00e9s\"\/>\n\t\t\t\t\t\t\t<div class=\"overlay\"><\/div>\n\t\t\t\t\t\t<\/figure>\n\t\t\t\t\t\t<div class=\"slider-content\">\n\t\t\t\t\t\t\t<div class=\"tg-container\">\n\t\t\t\t\t\t\t\t<div class=\"caption-title\">Tervez\u00e9s<\/div>\n\t\t\t\t\t\t\t\t<div class=\"caption-desc\">Az \u00e9p\u00fcletvillamoss\u00e1g \u00e9s a gyenge\u00e1ram teljes ter\u00fclet\u00e9n<\/div>\n\t\t\t\t\t\t\t\t\t\t\t\t\t\t\t\t\t<div class=\"btn-wrapper\">\n\t\t\t\t\t\t\t\t\t\t<a href=\"#\">Tov\u00e1bbi r\u00e9szletek<\/a>\n\t\t\t\t\t\t\t\t\t<\/div>\n\t\t\t\t\t\t\t\t\t\t\t\t\t\t\t<\/div>\n\t\t\t\t\t\t<\/div>\n\t\t\t\t\t<\/div>\n\n\t\t\t\t\n\t\t\t\t\t<div class=\"swiper-slide\">\n\t\t\t\t\t\t<figure class=\"slider-image\" >\n\t\t\t\t\t\t\t<img width=\"1536\" height=\"859\"\t\t\t\t\t\t\t\t\tsrc=\"https:\/\/liebmannconsulting.hu\/wp-content\/uploads\/2026\/01\/file_00000000f35c722f94e7187fde13eab9-1.png\"\n\t\t\t\t\t\t\t\t\talt=\"Fejleszt\u00e9s, telep\u00edt\u00e9s, \u00fczemeltet\u00e9s\"\n\t\t\t\t\t\t\t\t\ttitle=\"Fejleszt\u00e9s, telep\u00edt\u00e9s, \u00fczemeltet\u00e9s\"\/>\n\t\t\t\t\t\t\t<div class=\"overlay\"><\/div>\n\t\t\t\t\t\t<\/figure>\n\t\t\t\t\t\t<div class=\"slider-content\">\n\t\t\t\t\t\t\t<div class=\"tg-container\">\n\t\t\t\t\t\t\t\t<div class=\"caption-title\">Fejleszt\u00e9s, telep\u00edt\u00e9s, \u00fczemeltet\u00e9s<\/div>\n\t\t\t\t\t\t\t\t<div class=\"caption-desc\">egyedi term\u00e9kek fejleszt\u00e9se, telep\u00edt\u00e9se \u00e9s \u00fczemeltet\u00e9se<\/div>\n\t\t\t\t\t\t\t\t\t\t\t\t\t\t\t\t\t<div class=\"btn-wrapper\">\n\t\t\t\t\t\t\t\t\t\t<a href=\"#\">Tov\u00e1bbi r\u00e9szletek<\/a>\n\t\t\t\t\t\t\t\t\t<\/div>\n\t\t\t\t\t\t\t\t\t\t\t\t\t\t\t<\/div>\n\t\t\t\t\t\t<\/div>\n\t\t\t\t\t<\/div>\n\n\t\t\t\t\n\t\t\t\t\t<div class=\"swiper-slide\">\n\t\t\t\t\t\t<figure class=\"slider-image\" >\n\t\t\t\t\t\t\t<img width=\"640\" height=\"311\"\t\t\t\t\t\t\t\t\tsrc=\"https:\/\/liebmannconsulting.hu\/wp-content\/uploads\/2024\/01\/ball-4368178_640-e1705139374130.jpg\"\n\t\t\t\t\t\t\t\t\talt=\"K\u00f6t\u00e9s\"\n\t\t\t\t\t\t\t\t\ttitle=\"K\u00f6t\u00e9s, Sz\u00f6v\u00e9s, Horgol\u00e1s\"\/>\n\t\t\t\t\t\t\t<div class=\"overlay\"><\/div>\n\t\t\t\t\t\t<\/figure>\n\t\t\t\t\t\t<div class=\"slider-content\">\n\t\t\t\t\t\t\t<div class=\"tg-container\">\n\t\t\t\t\t\t\t\t<div class=\"caption-title\">K\u00f6t\u00e9s, Sz\u00f6v\u00e9s, Horgol\u00e1s<\/div>\n\t\t\t\t\t\t\t\t<div class=\"caption-desc\">Egyedi k\u00e9zzel k\u00e9sz\u00fclt term\u00e9kek k\u00e9sz\u00edt\u00e9se<\/div>\n\t\t\t\t\t\t\t\t\t\t\t\t\t\t\t\t\t<div class=\"btn-wrapper\">\n\t\t\t\t\t\t\t\t\t\t<a href=\"#\">Tov\u00e1bbi r\u00e9szletek<\/a>\n\t\t\t\t\t\t\t\t\t<\/div>\n\t\t\t\t\t\t\t\t\t\t\t\t\t\t\t<\/div>\n\t\t\t\t\t\t<\/div>\n\t\t\t\t\t<\/div>\n\n\t\t\t\t\t\t<\/div>\n\t\t<div class=\"swiper-pagination\"><\/div>\n\t\t<div class=\"slider-arrow\">\n\t\t\t<div class=\"swiper-button-next\"><\/div>\n\t\t\t<div class=\"swiper-button-prev\"><\/div>\n\t\t<\/div>\n\t<\/div>\n<\/div>\n<\/div><\/div><\/div><\/div><\/div><div id=\"pg-643-1\"  class=\"panel-grid panel-has-style\" ><div class=\"panel-row-style panel-row-style-for-643-1\" ><div id=\"pgc-643-1-0\"  class=\"panel-grid-cell\" ><div id=\"panel-643-1-0-0\" class=\"so-panel widget widget_themegrill_flash_service tg-widget tg-single-service panel-first-child panel-last-child\" data-index=\"1\" >\n<div class=\"tg-service-widget tg-service-layout-1\">\n\t<div class=\"service-wrapper\">\n\t\t<div class=\"service-icon-title-wrapper clearfix\">\n\t\t\t\t\t\t<div class=\"service-icon-wrap\"><i class=\"fa fa-cog\"><\/i><\/div>\n\t\t\t\t\t\t\t\t\t\t\t\t<h3 class=\"service-title-wrap\">\n\t\t\t\t\t\t\t\t<a href=\"#\">\n\t\t\t\tTERVEZ\u00c9S\t\t\t\t\t\t\t\t<\/a>\n\t\t\t\t\t\t\t<\/h3>\n\t\t\t\t\t<\/div>\n\t\t\t\t<div class=\"service-content-wrap\">C\u00e9g\u00fcnk t\u00f6bb, mint 20 \u00e9ves tapasztalattal rendelkezik \u00e9p\u00fcletvillamoss\u00e1gi \u00e9s gyenge\u00e1ram\u00fa elektromos rendszerek tervez\u00e9s\u00e9ben. Rengeteg megval\u00f3sult projekt tapasztalata seg\u00edti a hat\u00e9kony \u00e9s gyors megval\u00f3s\u00edt\u00e1st.<\/div>\n\t\t\t\t\t\t<a class=\"service-more\" href=\"#\">Tov\u00e1bbi r\u00e9szletek<\/a>\n\t\t\t<\/div>\n<\/div>\n<\/div><\/div><div id=\"pgc-643-1-1\"  class=\"panel-grid-cell\" ><div id=\"panel-643-1-1-0\" class=\"so-panel widget widget_themegrill_flash_service tg-widget tg-single-service panel-first-child panel-last-child\" data-index=\"2\" >\n<div class=\"tg-service-widget tg-service-layout-1\">\n\t<div class=\"service-wrapper\">\n\t\t<div class=\"service-icon-title-wrapper clearfix\">\n\t\t\t\t\t\t<div class=\"service-icon-wrap\"><i class=\"fa fa-support\"><\/i><\/div>\n\t\t\t\t\t\t\t\t\t\t\t\t<h3 class=\"service-title-wrap\">\n\t\t\t\t\t\t\t\t<a href=\"#\">\n\t\t\t\tFEJLESZT\u00c9S\t\t\t\t\t\t\t\t<\/a>\n\t\t\t\t\t\t\t<\/h3>\n\t\t\t\t\t<\/div>\n\t\t\t\t<div class=\"service-content-wrap\">Elektronikus eszk\u00f6z\u00f6k \u00e9s szoftverek fejleszt\u00e9se, telep\u00edt\u00e9se. Egyedi elektronikus eszk\u00f6z\u00f6k fejleszt\u00e9se az \u00e9let sz\u00e1mos ter\u00fclet\u00e9n felmer\u00fcl\u0151 speci\u00e1lisd ig\u00e9nyek megold\u00e1s\u00e1ra a biztons\u00e1gtechnik\u00e1t\u00f3l a k\u00f6zleked\u00e9sen kereszt\u00fcl az eg\u00e9szs\u00e9g\u00fcgyi ter\u00fcletig.<\/div>\n\t\t\t\t\t\t<a class=\"service-more\" href=\"#\">Tov\u00e1bbi r\u00e9szletek<\/a>\n\t\t\t<\/div>\n<\/div>\n<\/div><\/div><div id=\"pgc-643-1-2\"  class=\"panel-grid-cell\" ><div id=\"panel-643-1-2-0\" class=\"so-panel widget widget_themegrill_flash_service tg-widget tg-single-service panel-first-child panel-last-child\" data-index=\"3\" >\n<div class=\"tg-service-widget tg-service-layout-1\">\n\t<div class=\"service-wrapper\">\n\t\t<div class=\"service-icon-title-wrapper clearfix\">\n\t\t\t\t\t\t<div class=\"service-icon-wrap\"><i class=\"fa fa-chrome\"><\/i><\/div>\n\t\t\t\t\t\t\t\t\t\t\t\t<h3 class=\"service-title-wrap\">\n\t\t\t\t\t\t\t\t<a href=\"#\">\n\t\t\t\t\u00dcZEMELTET\u00c9S, KARBANTART\u00c1S\t\t\t\t\t\t\t\t<\/a>\n\t\t\t\t\t\t\t<\/h3>\n\t\t\t\t\t<\/div>\n\t\t\t\t<div class=\"service-content-wrap\">Sz\u00e1mos rendszer \u00fczemeltet\u00e9s\u00e9t \u00e9s karbantart\u00e1s\u00e1t v\u00e9gezz\u00fck folyamatosan. Az \u00edgy szerzett tapasztalatok hozz\u00e1j\u00e1rulnak az \u00faj rendszerek fejleszt\u00e9s\u00e9nek hat\u00e9konyabb\u00e1 t\u00e9tel\u00e9hez is.<\/div>\n\t\t\t\t\t\t<a class=\"service-more\" href=\"#\">Tov\u00e1bbi r\u00e9szletek<\/a>\n\t\t\t<\/div>\n<\/div>\n<\/div><\/div><\/div><\/div><div id=\"pg-643-2\"  class=\"panel-grid panel-has-style\" ><div class=\"panel-row-style panel-row-style-for-643-2\" ><div id=\"pgc-643-2-0\"  class=\"panel-grid-cell panel-grid-cell-empty\" ><\/div><div id=\"pgc-643-2-1\"  class=\"panel-grid-cell panel-grid-cell-mobile-last\" ><div id=\"panel-643-2-1-0\" class=\"so-panel widget widget_themegrill_flash_service tg-widget tg-single-service panel-first-child panel-last-child\" data-index=\"4\" >\n<div class=\"tg-service-widget tg-service-layout-1\">\n\t<div class=\"service-wrapper\">\n\t\t<div class=\"service-icon-title-wrapper clearfix\">\n\t\t\t\t\t\t<div class=\"service-icon-wrap\"><i class=\"fa fa-support\"><\/i><\/div>\n\t\t\t\t\t\t\t\t\t\t\t\t<h3 class=\"service-title-wrap\">\n\t\t\t\t\t\t\t\t<a href=\"#\">\n\t\t\t\tK\u00d6T\u00c9S, SZ\u00d6V\u00c9S, HORGOL\u00c1S\t\t\t\t\t\t\t\t<\/a>\n\t\t\t\t\t\t\t<\/h3>\n\t\t\t\t\t<\/div>\n\t\t\t\t<div class=\"service-content-wrap\">A tev\u00e9kenys\u00e9gi k\u00f6r\u00fcnk \u00faj kreat\u00edv ter\u00fclettel b\u0151v\u00fclt. Tekintse meg egyedi, k\u00e9zzel k\u00e9sz\u00fclt, kiv\u00e1l\u00f3 min\u0151s\u00e9g\u0171 term\u00e9keinket.<\/div>\n\t\t\t\t\t\t<a class=\"service-more\" href=\"#\">Tov\u00e1bbi r\u00e9szletek<\/a>\n\t\t\t<\/div>\n<\/div>\n<\/div><\/div><div id=\"pgc-643-2-2\"  class=\"panel-grid-cell panel-grid-cell-empty\" ><\/div><\/div><\/div><div id=\"pg-643-3\"  class=\"panel-grid panel-has-style\" ><div class=\"siteorigin-panels-stretch panel-row-style panel-row-style-for-643-3\" data-stretch-type=\"full\" ><div id=\"pgc-643-3-0\"  class=\"panel-grid-cell\" ><div id=\"panel-643-3-0-0\" class=\"so-panel widget widget_themegrill_flash_portfolio tg-section feature-product-section panel-first-child panel-last-child\" data-index=\"5\" ><div class=\"tg-feature-product-layout-1 tg-feature-product-filter-layout\"><div class=\"tg-container\"><div class=\"grid\"><div class=\"tg-column-wrapper\"><\/div><!-- \/.tg-column-wrapper--><\/div><!-- \/.grid --><\/div><!-- \/.tg-container --><\/div><!-- \/.layout div --><\/div><\/div><\/div><\/div><div id=\"pg-643-4\"  class=\"panel-grid panel-has-style\" ><div class=\"panel-row-style panel-row-style-for-643-4\" ><div id=\"pgc-643-4-0\"  class=\"panel-grid-cell\" ><div id=\"panel-643-4-0-0\" class=\"so-panel widget widget_siteorigin-panels-builder panel-first-child panel-last-child\" data-index=\"6\" ><div id=\"pl-w677063de426bb\"  class=\"panel-layout\" ><div id=\"pg-w677063de426bb-0\"  class=\"panel-grid panel-no-style\" ><div id=\"pgc-w677063de426bb-0-0\"  class=\"panel-grid-cell\" ><div id=\"panel-w677063de426bb-0-0-0\" class=\"so-panel widget widget_themegrill_flash_heading tg-widget section-title-wrapper panel-first-child panel-last-child\" data-index=\"0\" >\t<h3 class=\"section-title\">Csapatunk<\/h3>\n\t<div class=\"section-description\">A c\u00e9g vezet\u0151i<\/div>\n<\/div><\/div><\/div><div id=\"pg-w677063de426bb-1\"  class=\"panel-grid panel-no-style\" ><div id=\"pgc-w677063de426bb-1-0\"  class=\"panel-grid-cell\" ><div id=\"panel-w677063de426bb-1-0-0\" class=\"so-panel widget widget_themegrill_flash_team tg-widget tg-single-team panel-first-child panel-last-child\" data-index=\"1\" ><div class=\"tg-team-widget tg-team-layout-1\">\n\t<div class=\"team-wrapper\">\n\t\t\t\t<div class=\"team-content-wrapper\">\n\t\t\t<div class=\"team-desc-wrapper\">\n\t\t\t\t<h3 class=\"team-title\">Liebmann G\u00e1bor<\/h3>\n\t\t\t\t<div class=\"team-designation\">\u00fcgyvezet\u0151<\/div>\n\t\t\t\t<div class=\"team-content\">Feladata a c\u00e9g tev\u00e9kenys\u00e9g\u00e9nek ir\u00e1ny\u00edt\u00e1sa, koordin\u00e1l\u00e1sa, \u00faj \u00fcgyfelek felkutat\u00e1sa. Felel\u0151s a p\u00e9nz\u00fcgyek\u00e9rt a gazdas\u00e1gi stabilit\u00e1s\u00e9rt.<\/div>\n\t\t\t\t\t\t\t\t<div class=\"team-social\">\n\t\t\t\t\t<div class=\"team-social-block\">\n\t\t\t\t\t\t\t\t\t\t\t\t<a href=\"http:\/\/facebook.com\/gabor.liebmann\"><i class=\"fa fa-facebook\"><\/i><\/a>\n\t\t\t\t\t\t\t\t\t\t\t\t\t\t\t\t\t\t\t\t\t\t\t<\/div>\n\t\t\t\t<\/div>\n\t\t\t\t\t\t<\/div>\n\t\t<\/div>\n\t<\/div>\n<\/div>\n<\/div><\/div><div id=\"pgc-w677063de426bb-1-1\"  class=\"panel-grid-cell\" ><div id=\"panel-w677063de426bb-1-1-0\" class=\"so-panel widget widget_themegrill_flash_team tg-widget tg-single-team panel-first-child panel-last-child\" data-index=\"2\" ><div class=\"tg-team-widget tg-team-layout-1\">\n\t<div class=\"team-wrapper\">\n\t\t\t\t<div class=\"team-content-wrapper\">\n\t\t\t<div class=\"team-desc-wrapper\">\n\t\t\t\t<h3 class=\"team-title\">Guba Zolt\u00e1n<\/h3>\n\t\t\t\t<div class=\"team-designation\">m\u0171szaki vezet\u0151<\/div>\n\t\t\t\t<div class=\"team-content\">Feladata a c\u00e9g m\u0171szaki ir\u00e1ny\u00edt\u00e1sa, a tervez\u00e9si-, kutat\u00e1si \u00e9s a kivitelez\u00e9si folyamatok koordin\u00e1l\u00e1sa. Akt\u00edvan r\u00e9szt vesz a c\u00e9g projektjeiben, t\u00e1mogat\u00e1st ny\u00fajt az \u00fcgyfeleknek a technikai probl\u00e9m\u00e1ik megold\u00e1s\u00e1ban.<\/div>\n\t\t\t\t\t\t\t\t<div class=\"team-social\">\n\t\t\t\t\t<div class=\"team-social-block\">\n\t\t\t\t\t\t\t\t\t\t\t\t<a href=\"http:\/\/facebook.com\/zoltan.guba.313\"><i class=\"fa fa-facebook\"><\/i><\/a>\n\t\t\t\t\t\t\t\t\t\t\t\t\t\t\t\t\t\t\t\t\t\t\t<\/div>\n\t\t\t\t<\/div>\n\t\t\t\t\t\t<\/div>\n\t\t<\/div>\n\t<\/div>\n<\/div>\n<\/div><\/div><div id=\"pgc-w677063de426bb-1-2\"  class=\"panel-grid-cell\" ><div id=\"panel-w677063de426bb-1-2-0\" class=\"so-panel widget widget_themegrill_flash_team tg-widget tg-single-team panel-first-child panel-last-child\" data-index=\"3\" ><div class=\"tg-team-widget tg-team-layout-1\">\n\t<div class=\"team-wrapper\">\n\t\t\t\t<div class=\"team-content-wrapper\">\n\t\t\t<div class=\"team-desc-wrapper\">\n\t\t\t\t<h3 class=\"team-title\">Kucsera T\u00edmea Gabriella<\/h3>\n\t\t\t\t<div class=\"team-designation\">Irodavezet\u0151, tervez\u0151<\/div>\n\t\t\t\t<div class=\"team-content\">Feladata a c\u00e9g adminisztr\u00e1ci\u00f3j\u00e1nak fel\u00fcgyelete \u00e9s koordin\u00e1l\u00e1sa. Emellett \u0150 vezeti a kreat\u00edv div\u00edzi\u00f3 tervez\u00e9si-, kutat\u00e1si \u00e9s kivitelez\u00e9si folyamatait. Akt\u00edvan r\u00e9szt vesz a kreat\u00edv projektekben.<\/div>\n\t\t\t\t\t\t\t\t<div class=\"team-social\">\n\t\t\t\t\t<div class=\"team-social-block\">\n\t\t\t\t\t\t\t\t\t\t\t\t<a href=\"http:\/\/facebook.com\/Timici\"><i class=\"fa fa-facebook\"><\/i><\/a>\n\t\t\t\t\t\t\t\t\t\t\t\t\t\t\t\t\t\t\t\t\t\t\t<\/div>\n\t\t\t\t<\/div>\n\t\t\t\t\t\t<\/div>\n\t\t<\/div>\n\t<\/div>\n<\/div>\n<\/div><\/div><\/div><\/div><\/div><\/div><\/div><\/div><div id=\"pg-643-5\"  class=\"panel-grid panel-has-style\" ><div class=\"siteorigin-panels-stretch panel-row-style panel-row-style-for-643-5\" data-stretch-type=\"full\" ><div id=\"pgc-643-5-0\"  class=\"panel-grid-cell\" ><div id=\"panel-643-5-0-0\" class=\"so-panel widget widget_themegrill_flash_portfolio tg-section feature-product-section panel-first-child panel-last-child\" data-index=\"7\" ><div class=\"tg-feature-product-layout-1 tg-feature-product-filter-layout\"><div class=\"tg-container\"><div class=\"grid\"><div class=\"tg-column-wrapper\"><\/div><!-- \/.tg-column-wrapper--><\/div><!-- \/.grid --><\/div><!-- \/.tg-container --><\/div><!-- \/.layout div --><\/div><\/div><\/div><\/div><div id=\"pg-643-6\"  class=\"panel-grid panel-has-style\" ><div class=\"panel-row-style panel-row-style-for-643-6\" ><div id=\"pgc-643-6-0\"  class=\"panel-grid-cell\" ><div id=\"panel-643-6-0-0\" class=\"so-panel widget widget_themegrill_flash_heading tg-widget section-title-wrapper panel-first-child\" data-index=\"8\" >\t<h3 class=\"section-title\">Friss h\u00edrek<\/h3>\n\t<div class=\"section-description\">A honlap friss bejegyz\u00e9sei<\/div>\n<\/div><div id=\"panel-643-6-0-1\" class=\"so-panel widget widget_themegrill_flash_blog tg-widget blog-section panel-last-child\" data-index=\"9\" >\n<div class=\"blog-wrapper tg-column-wrapper tg-blog-widget-layout-2\">\n\t\t<div class=\"tg-blog-widget tg-column-3\">\n\t\t\t\t<div class=\"post-image \">\n\t\t\t<figure><a href=\"https:\/\/liebmannconsulting.hu\/?p=1007\" title=\"K\u00f6t\u00e9s\"><img loading=\"lazy\" decoding=\"async\" width=\"370\" height=\"270\" src=\"https:\/\/liebmannconsulting.hu\/wp-content\/uploads\/2017\/01\/a-womans-hand-who-is-knitting-a-shawl-370x270.png\" class=\"attachment-flash-grid size-flash-grid wp-post-image\" alt=\"\" \/><\/a><\/figure>\t\t\t<span class=\"entry-date\">\n\t\t\t\t<i class=\"fa fa-clock-o\"><\/i><a href=\"https:\/\/liebmannconsulting.hu\/?p=1007\" rel=\"bookmark\">2024.12.29.<\/a>\n\t\t\t<\/span>\n\t\t\t\t\t<\/div>\n\t\t<div class=\"blog-content\">\n\t\t\t<h3 class=\"entry-title\"><a href=\"https:\/\/liebmannconsulting.hu\/?p=1007\">K\u00f6t\u00e9s<\/a><\/h3>\n\t\t\t\t\t\t<div class=\"entry-summary\">\n\t\t\t\t<p>A leg\u00fajabb tanulm\u00e1nyok r\u00e1mutatnak, hogy a k\u00f6t\u00e9s-, sz\u00f6v\u00e9s-, horgol\u00e1s egy olyan meditat\u00edv tev\u00e9kenys\u00e9g, amely a kikapcsol\u00f3d\u00e1son t\u00fal seg\u00edti az egy\u00e9n [&hellip;]<\/p>\n\t\t\t<\/div>\n\t\t\t\t\t\t<div class=\"read-more-container\">\n\t\t\t\t<span class=\"entry-author\">\n\t\t\t\t\t<i class=\"fa fa-user\"><\/i><a class=\"url fn n\" href=\"https:\/\/liebmannconsulting.hu\/?author=1\">admin<\/a>\n\t\t\t\t<\/span>\n\t\t\t\t<div class=\"read-more\">\n\t\t\t\t\t<a href=\"https:\/\/liebmannconsulting.hu\/?p=1007\">Read More<\/a>\n\t\t\t\t<\/div>\n\t\t\t<\/div>\n\t\t\t\t\t<\/div>\n\t<\/div>\n\t\t<div class=\"tg-blog-widget tg-column-3\">\n\t\t\t\t<div class=\"post-image \">\n\t\t\t<figure><a href=\"https:\/\/liebmannconsulting.hu\/?p=1\" title=\"\u00dcdv\u00f6z\u00f6lj\u00fck\"><img loading=\"lazy\" decoding=\"async\" width=\"370\" height=\"270\" src=\"https:\/\/liebmannconsulting.hu\/wp-content\/uploads\/2024\/01\/image-370x270.png\" class=\"attachment-flash-grid size-flash-grid wp-post-image\" alt=\"\" \/><\/a><\/figure>\t\t\t<span class=\"entry-date\">\n\t\t\t\t<i class=\"fa fa-clock-o\"><\/i><a href=\"https:\/\/liebmannconsulting.hu\/?p=1\" rel=\"bookmark\">2024.01.03.<\/a>\n\t\t\t<\/span>\n\t\t\t\t\t<\/div>\n\t\t<div class=\"blog-content\">\n\t\t\t<h3 class=\"entry-title\"><a href=\"https:\/\/liebmannconsulting.hu\/?p=1\">\u00dcdv\u00f6z\u00f6lj\u00fck<\/a><\/h3>\n\t\t\t\t\t\t<div class=\"entry-summary\">\n\t\t\t\t<p>Kedves L\u00e1togat\u00f3! \u00d6r\u00fcl\u00fcnk, hogy ben\u00e9zett hozz\u00e1nk \u00e9s k\u00f6sz\u00f6nj\u00fck a figyelm\u00e9t! V\u00e9gre elk\u00e9sz\u00fclt\u00fcnk az \u00faj honlapunkkal, melyen c\u00e9g\u00fcnkkel-, szolg\u00e1ltat\u00e1sainkkal- \u00e9s term\u00e9keinkkel [&hellip;]<\/p>\n\t\t\t<\/div>\n\t\t\t\t\t\t<div class=\"read-more-container\">\n\t\t\t\t<span class=\"entry-author\">\n\t\t\t\t\t<i class=\"fa fa-user\"><\/i><a class=\"url fn n\" href=\"https:\/\/liebmannconsulting.hu\/?author=1\">admin<\/a>\n\t\t\t\t<\/span>\n\t\t\t\t<div class=\"read-more\">\n\t\t\t\t\t<a href=\"https:\/\/liebmannconsulting.hu\/?p=1\">Read More<\/a>\n\t\t\t\t<\/div>\n\t\t\t<\/div>\n\t\t\t\t\t<\/div>\n\t<\/div>\n\t\t<div class=\"tg-blog-widget tg-column-3\">\n\t\t\t\t<div class=\"post-image \">\n\t\t\t<figure><a href=\"https:\/\/liebmannconsulting.hu\/?p=46\" title=\"Elektromos tervez\u00e9sek\"><img loading=\"lazy\" decoding=\"async\" width=\"370\" height=\"270\" src=\"https:\/\/liebmannconsulting.hu\/wp-content\/uploads\/2017\/01\/electronic-circuit-designing-with-computer-370x270.png\" class=\"attachment-flash-grid size-flash-grid wp-post-image\" alt=\"\" \/><\/a><\/figure>\t\t\t<span class=\"entry-date\">\n\t\t\t\t<i class=\"fa fa-clock-o\"><\/i><a href=\"https:\/\/liebmannconsulting.hu\/?p=46\" rel=\"bookmark\">2017.01.02.<\/a>\n\t\t\t<\/span>\n\t\t\t\t\t<\/div>\n\t\t<div class=\"blog-content\">\n\t\t\t<h3 class=\"entry-title\"><a href=\"https:\/\/liebmannconsulting.hu\/?p=46\">Elektromos tervez\u00e9sek<\/a><\/h3>\n\t\t\t\t\t\t<div class=\"entry-summary\">\n\t\t\t\t<p>Collaboratively administrate empowered markets via plug-and-play networks. Dynamically procrastinate users.Collaboratively administrate empowered markets via plug-and-play networks. Dynamically procrastinate users.<\/p>\n\t\t\t<\/div>\n\t\t\t\t\t\t<div class=\"read-more-container\">\n\t\t\t\t<span class=\"entry-author\">\n\t\t\t\t\t<i class=\"fa fa-user\"><\/i><a class=\"url fn n\" href=\"https:\/\/liebmannconsulting.hu\/?author=1\">admin<\/a>\n\t\t\t\t<\/span>\n\t\t\t\t<div class=\"read-more\">\n\t\t\t\t\t<a href=\"https:\/\/liebmannconsulting.hu\/?p=46\">Read More<\/a>\n\t\t\t\t<\/div>\n\t\t\t<\/div>\n\t\t\t\t\t<\/div>\n\t<\/div>\n\t<\/div><!-- .blog-wrapper -->\n<\/div><\/div><\/div><\/div><div id=\"pg-643-7\"  class=\"panel-grid panel-has-style\" ><div class=\"siteorigin-panels-stretch panel-row-style panel-row-style-for-643-7\" data-stretch-type=\"full\" ><div id=\"pgc-643-7-0\"  class=\"panel-grid-cell\" ><div id=\"panel-643-7-0-0\" class=\"so-panel widget widget_themegrill_flash_portfolio tg-section feature-product-section panel-first-child panel-last-child\" data-index=\"10\" ><div class=\"tg-feature-product-layout-1 tg-feature-product-filter-layout\"><div class=\"tg-container\"><div class=\"grid\"><div class=\"tg-column-wrapper\"><\/div><!-- \/.tg-column-wrapper--><\/div><!-- \/.grid --><\/div><!-- \/.tg-container --><\/div><!-- \/.layout div --><\/div><\/div><\/div><\/div><\/div>","protected":false},"excerpt":{"rendered":"","protected":false},"author":1,"featured_media":0,"parent":0,"menu_order":0,"comment_status":"closed","ping_status":"closed","template":"page-templates\/pagebuilder.php","meta":{"footnotes":""},"class_list":["post-643","page","type-page","status-publish","hentry"],"jetpack_sharing_enabled":true,"_links":{"self":[{"href":"https:\/\/liebmannconsulting.hu\/index.php?rest_route=\/wp\/v2\/pages\/643","targetHints":{"allow":["GET"]}}],"collection":[{"href":"https:\/\/liebmannconsulting.hu\/index.php?rest_route=\/wp\/v2\/pages"}],"about":[{"href":"https:\/\/liebmannconsulting.hu\/index.php?rest_route=\/wp\/v2\/types\/page"}],"author":[{"embeddable":true,"href":"https:\/\/liebmannconsulting.hu\/index.php?rest_route=\/wp\/v2\/users\/1"}],"replies":[{"embeddable":true,"href":"https:\/\/liebmannconsulting.hu\/index.php?rest_route=%2Fwp%2Fv2%2Fcomments&post=643"}],"version-history":[{"count":39,"href":"https:\/\/liebmannconsulting.hu\/index.php?rest_route=\/wp\/v2\/pages\/643\/revisions"}],"predecessor-version":[{"id":1043,"href":"https:\/\/liebmannconsulting.hu\/index.php?rest_route=\/wp\/v2\/pages\/643\/revisions\/1043"}],"wp:attachment":[{"href":"https:\/\/liebmannconsulting.hu\/index.php?rest_route=%2Fwp%2Fv2%2Fmedia&parent=643"}],"curies":[{"name":"wp","href":"https:\/\/api.w.org\/{rel}","templated":true}]}}